{"id":744,"date":"2020-09-08T14:52:13","date_gmt":"2020-09-08T12:52:13","guid":{"rendered":"http:\/\/192.168.1.50\/wordpress\/?page_id=744"},"modified":"2022-05-28T10:59:47","modified_gmt":"2022-05-28T08:59:47","slug":"mes-cours-de-japonais","status":"publish","type":"page","link":"https:\/\/www.bokura.fr\/wordpress\/?page_id=744","title":{"rendered":"Mes cours de japonais"},"content":{"rendered":"\n<p>D\u00e8s le mois octobre 2020 j&rsquo;attaque les cours de japonais, je me suis dis qu&rsquo;il serait int\u00e9ressant de partager un peu cette exp\u00e9rience, tout en \u00e9vitant de saturer le blog destin\u00e9 aux voyages.<br \/><br \/>Je lance donc cette nouvelle page, que je continuerai d\u00e8s les premiers cours. H\u00e2te de suivre mon 1er cours<\/p>\n\n\n\n<p><em><strong>Update du 4 octobre<\/strong><\/em><\/p>\n\n\n\n<p>Ca y est j&rsquo;ai eu cette semaine mon 1er cours et euh &#8230; c&rsquo;est chaud \u00e0 suivre, mais je suis rassur\u00e9 \u00e0 moiti\u00e9, car je ne suis pas le seul \u00e0 avoir pens\u00e9 cela. Nous sommes au total 10 gakusei &#8230; \u00e9tudiants (ca y est j&rsquo;ai pris le pli), 10 car COVID oblige, principalement des jeunes entre 20 et 30 ans, tous sommes amoureux de la culture niponne.<br><br>ELJ propose un site web pas trop mal foutu qui permet de r\u00e9viser un peu d\u00e8s qu&rsquo;on a un moment de libre. D&rsquo;apr\u00e8s les profs il faut r\u00e9viser 1h30 par semaine &#8230; Faut que je trouve comment trouver le temps.<\/p>\n\n\n\n<p><em><strong>Update du 7 octobre<\/strong><\/em><\/p>\n\n\n\n<p>COVID COVID &#8230; Le covid est pass\u00e9 par l\u00e0, ce soir le cours \u00e9tait en visio. C&rsquo;est pas mal non plus et puis ca lib\u00e8re du temps de trajet.<br>Les interactions de groupes sont plus difficiles mais il y a pas mal d&rsquo;avantages, perso je vote pour. Je saurais bient\u00f4t si la semaine prochaine sera en physique ou en visio<\/p>\n\n\n\n<p><em><strong>Update du 28 mai<\/strong><\/em><\/p>\n\n\n\n<p>J&rsquo;ai quelques peu d\u00e9croch\u00e9 cette ann\u00e9e, le temps et aussi l&rsquo;envie tout comme l&rsquo;int\u00e9r\u00eat. Ca me rappelle les cours d&rsquo;anglais ennuyeux du lyc\u00e9e apprendre des tournures de phrases inutiles. Pas utile en tout cas pour mon besoin.<\/p>\n\n\n\n<p>Vous l&rsquo;aurez compris pas de 3eme ann\u00e9e donc, mais les voyages vont enfin reprendre cela devrait me permettre de pratiquer, et ca c&rsquo;est top.<\/p>\n\n\n\n<p><\/p>\n","protected":false},"excerpt":{"rendered":"<p>D\u00e8s le mois octobre 2020 j&rsquo;attaque les cours de japonais, je me suis dis qu&rsquo;il serait int\u00e9ressant de partager un peu cette exp\u00e9rience, tout en \u00e9vitant de saturer le blog destin\u00e9 aux voyages. Je lance donc cette nouvelle page, que je continuerai d\u00e8s les premiers cours. H\u00e2te de suivre mon 1er cours Update du 4 [&hellip;]<\/p>\n","protected":false},"author":1,"featured_media":0,"parent":0,"menu_order":1,"comment_status":"closed","ping_status":"closed","template":"","meta":{"footnotes":""},"class_list":["post-744","page","type-page","status-publish","hentry"],"jetpack_sharing_enabled":true,"_links":{"self":[{"href":"https:\/\/www.bokura.fr\/wordpress\/index.php?rest_route=\/wp\/v2\/pages\/744","targetHints":{"allow":["GET"]}}],"collection":[{"href":"https:\/\/www.bokura.fr\/wordpress\/index.php?rest_route=\/wp\/v2\/pages"}],"about":[{"href":"https:\/\/www.bokura.fr\/wordpress\/index.php?rest_route=\/wp\/v2\/types\/page"}],"author":[{"embeddable":true,"href":"https:\/\/www.bokura.fr\/wordpress\/index.php?rest_route=\/wp\/v2\/users\/1"}],"replies":[{"embeddable":true,"href":"https:\/\/www.bokura.fr\/wordpress\/index.php?rest_route=%2Fwp%2Fv2%2Fcomments&post=744"}],"version-history":[{"count":8,"href":"https:\/\/www.bokura.fr\/wordpress\/index.php?rest_route=\/wp\/v2\/pages\/744\/revisions"}],"predecessor-version":[{"id":1326,"href":"https:\/\/www.bokura.fr\/wordpress\/index.php?rest_route=\/wp\/v2\/pages\/744\/revisions\/1326"}],"wp:attachment":[{"href":"https:\/\/www.bokura.fr\/wordpress\/index.php?rest_route=%2Fwp%2Fv2%2Fmedia&parent=744"}],"curies":[{"name":"wp","href":"https:\/\/api.w.org\/{rel}","templated":true}]}}